{"id":4158,"date":"2025-10-17T11:06:23","date_gmt":"2025-10-17T09:06:23","guid":{"rendered":"https:\/\/arvor.es\/?page_id=4158"},"modified":"2025-10-17T11:11:55","modified_gmt":"2025-10-17T09:11:55","slug":"politica-de-cookies","status":"publish","type":"page","link":"https:\/\/arvor.es\/ca\/politica-de-cookies\/","title":{"rendered":"Pol\u00edtica de cookies"},"content":{"rendered":"\n<p>El lloc web de <strong>LONE PINE BUSINESS DEVELOPMENTS S.L.<\/strong> utilitza cookies (petits arxius d\u2019informaci\u00f3 que el servidor envia a l\u2019ordinador de qui accedeix a la p\u00e0gina) per al correcte funcionament i visualitzaci\u00f3 dels llocs web per part de l\u2019usuari, aix\u00ed com per a la recopilaci\u00f3 d\u2019estad\u00edstiques. En concret, s\u2019utilitzen les seg\u00fcents cookies:<\/p>\n\n\n\n<figure class=\"wp-block-table\"><table class=\"has-fixed-layout\"><tbody><tr><td><strong>Cookie<\/strong><\/td><td><strong>Temporalitat<\/strong><\/td><td><strong>Titularitat<\/strong><\/td><td><strong>Funcionalitat<\/strong><\/td><\/tr><tr><td>&lt;nom cookie&gt;<\/td><td>&lt;temporalitat&gt;<\/td><td>&lt;titularitat&gt;<\/td><td>&lt;funcionalitat&gt;<\/td><\/tr><\/tbody><\/table><\/figure>\n\n\n\n<p><strong>LONE PINE BUSINESS DEVELOPMENTS S.L.<\/strong> mostra informaci\u00f3 sobre la seva Pol\u00edtica de cookies en cada inici de sessi\u00f3 amb l\u2019objectiu que en sigueu conscients.<\/p>\n\n\n\n<p>Davant d\u2019aquesta informaci\u00f3, \u00e9s possible dur a terme les accions seg\u00fcents:<\/p>\n\n\n\n<ul class=\"wp-block-list\">\n<li><strong>Acceptar cookies:<\/strong> No es tornar\u00e0 a visualitzar aquest av\u00eds en accedir a qualsevol p\u00e0gina del portal durant la sessi\u00f3 actual.<\/li>\n\n\n\n<li><strong>Modificar la configuraci\u00f3:<\/strong> Podreu obtenir m\u00e9s informaci\u00f3 sobre qu\u00e8 s\u00f3n les cookies, con\u00e8ixer la Pol\u00edtica de cookies que utilitza <strong>LONE PINE BUSINESS DEVELOPMENTS S.L.<\/strong> i modificar la configuraci\u00f3 del vostre navegador per restringir o bloquejar les cookies que aquesta empresa utilitza en qualsevol moment. En cas de restringir o bloquejar les cookies, podr\u00edeu veure redu\u00efdes les funcionalitats de la web.<\/li>\n\n\n\n<li><strong>Seguir navegant o despla\u00e7ar-se per la barra de navegaci\u00f3:<\/strong> Per fer-ho, haureu d\u2019haver acceptat totes o part de les cookies segons la vostra elecci\u00f3. Excepte les cookies necess\u00e0ries, que quedaran obligat\u00f2riament acceptades.<\/li>\n<\/ul>\n\n\n\n<p>Podeu restringir, bloquejar o esborrar les cookies de <strong>LONE PINE BUSINESS DEVELOPMENTS S.L.<\/strong> o de qualsevol altra p\u00e0gina web utilitzant el vostre navegador. La operativa varia segons el navegador; la funci\u00f3 d\u2019\u201cAjuda\u201d us mostrar\u00e0 com fer-ho:<\/p>\n\n\n\n<ul class=\"wp-block-list\">\n<li>Internet Explorer: <a href=\"http:\/\/windows.microsoft.com\/es-xl\/internet-explorer\/delete-manage-cookies#ie%3D\">windows.microsoft.com\/es-xl\/internet-explorer\/delete-manage-cookies#ie=&#8221;ie-10&#8243;<\/a><\/li>\n\n\n\n<li>FireFox: <a href=\"http:\/\/support.mozilla.org\/es\/kb\/Borrar%20cookies\" target=\"_blank\" rel=\"noreferrer noopener\">support.mozilla.org\/es\/kb\/Borrar%20cookies<\/a><\/li>\n\n\n\n<li>Chrome: <a href=\"http:\/\/support.google.com\/chrome\/answer\/95647?hl\" target=\"_blank\" rel=\"noreferrer noopener\">support.google.com\/chrome\/answer\/95647?hl=&#8221;es&#8221;<\/a><\/li>\n\n\n\n<li>Safari: <a href=\"http:\/\/www.apple.com\/es\/privacy\/use-of-cookies\/\">www.apple.com\/es\/privacy\/use-of-cookies\/<\/a><\/li>\n<\/ul>\n\n\n\n<p>A m\u00e9s, tamb\u00e9 podeu gestionar l\u2019emmagatzematge de cookies al vostre navegador a trav\u00e9s d\u2019eines com les seg\u00fcents:<\/p>\n\n\n\n<ul class=\"wp-block-list\">\n<li>Ghostery: <a href=\"http:\/\/www.ghostery.com\/\">www.ghostery.com\/<\/a><\/li>\n\n\n\n<li>Your online choices: <a href=\"http:\/\/www.youronlinechoices.com\/es\/\" target=\"_blank\" rel=\"noreferrer noopener\">www.youronlinechoices.com\/es\/<\/a><\/li>\n<\/ul>\n\n\n\n<p><\/p>\n\n\n\n<p><\/p>\n\n\n\n<hr class=\"wp-block-separator has-alpha-channel-opacity is-style-wide\"\/>\n\n\n\n<p><strong>Font:<\/strong> <a href=\"https:\/\/www.aepd.es\/sites\/default\/files\/2020-07\/guia-cookies.pdf\" target=\"_blank\" rel=\"noreferrer noopener\">Guia sobre l\u2019\u201c\u00das de cookies\u201d de l\u2019Ag\u00e8ncia Espanyola de Protecci\u00f3 de Dades<\/a><\/p>\n","protected":false},"excerpt":{"rendered":"<p>El lloc web de LONE PINE BUSINESS DEVELOPMENTS S.L. utilitza cookies (petits arxius d\u2019informaci\u00f3 que el servidor envia a l\u2019ordinador de qui accedeix a la p\u00e0gina) per al correcte funcionament i visualitzaci\u00f3 dels llocs web per part de l\u2019usuari, aix\u00ed com per a la recopilaci\u00f3 d\u2019estad\u00edstiques. En concret, s\u2019utilitzen les seg\u00fcents cookies: Cookie Temporalitat Titularitat [&hellip;]<\/p>\n","protected":false},"author":1,"featured_media":0,"parent":0,"menu_order":0,"comment_status":"closed","ping_status":"closed","template":"","meta":{"_genesis_hide_title":false,"_genesis_hide_breadcrumbs":false,"_genesis_hide_singular_image":false,"_genesis_hide_footer_widgets":false,"_genesis_custom_body_class":"","_genesis_custom_post_class":"","_genesis_layout":"","footnotes":""},"class_list":{"0":"post-4158","1":"page","2":"type-page","3":"status-publish","5":"entry"},"featured_image_src":null,"featured_image_src_square":null,"_links":{"self":[{"href":"https:\/\/arvor.es\/ca\/wp-json\/wp\/v2\/pages\/4158","targetHints":{"allow":["GET"]}}],"collection":[{"href":"https:\/\/arvor.es\/ca\/wp-json\/wp\/v2\/pages"}],"about":[{"href":"https:\/\/arvor.es\/ca\/wp-json\/wp\/v2\/types\/page"}],"author":[{"embeddable":true,"href":"https:\/\/arvor.es\/ca\/wp-json\/wp\/v2\/users\/1"}],"replies":[{"embeddable":true,"href":"https:\/\/arvor.es\/ca\/wp-json\/wp\/v2\/comments?post=4158"}],"version-history":[{"count":1,"href":"https:\/\/arvor.es\/ca\/wp-json\/wp\/v2\/pages\/4158\/revisions"}],"predecessor-version":[{"id":4160,"href":"https:\/\/arvor.es\/ca\/wp-json\/wp\/v2\/pages\/4158\/revisions\/4160"}],"wp:attachment":[{"href":"https:\/\/arvor.es\/ca\/wp-json\/wp\/v2\/media?parent=4158"}],"curies":[{"name":"wp","href":"https:\/\/api.w.org\/{rel}","templated":true}]}}